{"id":146,"date":"2024-04-25T14:28:14","date_gmt":"2024-04-25T14:28:14","guid":{"rendered":"https:\/\/vs-gurnitz.ksn.at\/?page_id=146"},"modified":"2025-01-14T15:26:48","modified_gmt":"2025-01-14T15:26:48","slug":"impressum","status":"publish","type":"page","link":"https:\/\/vs-gurnitz.ksn.at\/index.php\/impressum\/","title":{"rendered":"Kontakt"},"content":{"rendered":"<div class=\"cm-lower-footer-col cm-lower-footer-col--1\">\n<h3 id=\"block-15\" class=\"widget widget_block widget_text\"><strong>Volksschule Gurnitz &#8211; Ljudska \u0161ola Podkrnos<\/strong><\/h3>\n<h4 class=\"widget widget_block widget_text\">Niederdorfer Stra\u00dfe 8<br \/>\n9065 Ebenthal<br \/>\nTel: +43 (0)664 88 73 26 74<\/h4>\n<\/div>\n<div class=\"cm-lower-footer-col cm-lower-footer-col--2\">\n<aside><\/aside>\n<aside><\/aside>\n<aside id=\"block-17\" class=\"widget widget_block widget_text\"><a href=\"http:\/\/www.vs-gurnitz.ksn.at\/\">www.vs-gurnitz.ksn.at<\/a><\/aside>\n<\/div>\n<div class=\"cm-lower-footer-col cm-lower-footer-col--3\">\n<aside id=\"block-19\" class=\"widget widget_block widget_text\">\n<div class=\"cm-lower-footer-col cm-lower-footer-col--2\">\n<aside id=\"block-17\" class=\"widget widget_block widget_text\"><strong><br \/>\nDirektion:<br \/>\n<\/strong><strong>Robert Sturm<br \/>\n<\/strong><a href=\"mailto:direktion@vs-gurnitz.ksn.at\">direktion@vs-gurnitz.ksn.at<\/a><\/aside>\n<\/div>\n<\/aside>\n<p><strong><br \/>\n<\/strong><strong>Sekretariat:<br \/>\n<\/strong><strong>Danijela Stani\u0107<\/strong><br \/>\n<a href=\"mailto:office@vs-gurnitz.ksn.at\" target=\"_blank\" rel=\"noopener\">office@vs-gurnitz.ksn.at<\/a><\/div>\n<p><!--more--><\/p>\n<h4><\/h4>\n<hr \/>\n<h4>Impressum<\/h4>\n<p>Datenschutz:<br \/>\nAlle auf unserer Homepage hochgeladenen Fotos sind urheberrechtlich gesch\u00fctzt. Das Urheberrecht sch\u00fctzt Fotografien aller Art. In \u00a7 78 des Urheberrechtsgesetzes werden Lichtbildwerke als geistige Sch\u00f6pfung definiert. Deshalb besitzt der Urheber oder die Urheberin die alleinigen Fotorechte. Dazu z\u00e4hlen auch die Rechte zur Nutzung, Vervielf\u00e4ltigung und Ver\u00f6ffentlichung.<\/p>\n","protected":false},"excerpt":{"rendered":"<p>Volksschule Gurnitz &#8211; Ljudska \u0161ola Podkrnos Niederdorfer Stra\u00dfe 8 9065 Ebenthal Tel: +43 (0)664 88 73 26 74 www.vs-gurnitz.ksn.at Direktion:<\/p>\n","protected":false},"author":1,"featured_media":0,"parent":0,"menu_order":0,"comment_status":"closed","ping_status":"closed","template":"","meta":{"footnotes":""},"class_list":["post-146","page","type-page","status-publish","hentry"],"_links":{"self":[{"href":"https:\/\/vs-gurnitz.ksn.at\/index.php\/wp-json\/wp\/v2\/pages\/146","targetHints":{"allow":["GET"]}}],"collection":[{"href":"https:\/\/vs-gurnitz.ksn.at\/index.php\/wp-json\/wp\/v2\/pages"}],"about":[{"href":"https:\/\/vs-gurnitz.ksn.at\/index.php\/wp-json\/wp\/v2\/types\/page"}],"author":[{"embeddable":true,"href":"https:\/\/vs-gurnitz.ksn.at\/index.php\/wp-json\/wp\/v2\/users\/1"}],"replies":[{"embeddable":true,"href":"https:\/\/vs-gurnitz.ksn.at\/index.php\/wp-json\/wp\/v2\/comments?post=146"}],"version-history":[{"count":17,"href":"https:\/\/vs-gurnitz.ksn.at\/index.php\/wp-json\/wp\/v2\/pages\/146\/revisions"}],"predecessor-version":[{"id":2145,"href":"https:\/\/vs-gurnitz.ksn.at\/index.php\/wp-json\/wp\/v2\/pages\/146\/revisions\/2145"}],"wp:attachment":[{"href":"https:\/\/vs-gurnitz.ksn.at\/index.php\/wp-json\/wp\/v2\/media?parent=146"}],"curies":[{"name":"wp","href":"https:\/\/api.w.org\/{rel}","templated":true}]}}